{"id":2161,"date":"2019-10-22T11:47:45","date_gmt":"2019-10-22T11:47:45","guid":{"rendered":"http:\/\/vencotek.com\/?page_id=2161"},"modified":"2024-01-18T17:17:15","modified_gmt":"2024-01-18T17:17:15","slug":"anasayfa-1","status":"publish","type":"page","link":"https:\/\/vencotek.com\/en_US\/","title":{"rendered":"Home"},"content":{"rendered":"<div><\/div>\n<div class=\"block_slogan_1\">\r\n                    <h1><strong>Welcome to VENCOTEK ventilation and air-conditioning equipment website...<\/strong><\/h1>\r\n                    <h2> With the experienced technical crew and cooperation of professional sub-companies, we can provide high quality equipment with fast service. And in any kind of complication, our support team is ready to respond immediately.<\/h2><\/div>\n<h2><span style=\"color: #800000;\">Our Products<\/span><\/h2>\n<div class=\"block_services_11\"><div class=\"services\"> <article><div class=\"image\">\r\n                                                <img src=\"http:\/\/vencotek.com\/wp-content\/uploads\/FANLAR200X200.png\" alt=\"Home\">                                           \r\n                                            <\/div><div class=\"caption\"><h4>Fans<\/h4><div class=\"lnk\"><a href=\" https:\/\/vencotek.com\/en_US\/fanlar\/\">Read more<\/a><\/div><\/div>\r\n                            <\/article><article><div class=\"image\">\r\n                                                <img src=\"http:\/\/vencotek.com\/wp-content\/uploads\/sudan-havaya-buton.jpg\" alt=\"Home\">                                           \r\n                                            <\/div><div class=\"caption\"><h4>Water Source Heat Pumps<\/h4><div class=\"lnk\"><a href=\"https:\/\/vencotek.com\/en_US\/su-kaynakli-isi-pompalari\/\">Read more<\/a><\/div><\/div>\r\n                            <\/article> <article><div class=\"image\">\r\n                                                <img src=\"http:\/\/vencotek.com\/wp-content\/uploads\/ventilation-clows3.jpg\" alt=\"Home\">                                           \r\n                                            <\/div><div class=\"caption\"><h4>Ventilation Cowls<\/h4><div class=\"lnk\"><a href=\"https:\/\/vencotek.com\/en_US\/havalandirma-sapkalari\/\">Read more<\/a><\/div><\/div>\r\n                            <\/article> <article><div class=\"image\">\r\n                                                <img src=\"http:\/\/vencotek.com\/wp-content\/uploads\/damper.jpg\" alt=\"Home\">                                           \r\n                                            <\/div><div class=\"caption\"><h4>Dampers<\/h4><div class=\"lnk\"><a href=\"https:\/\/vencotek.com\/en_US\/damperler\/\">Read more<\/a><\/div><\/div>\r\n                            <\/article> <article><div class=\"image\">\r\n                                                <img src=\"http:\/\/vencotek.com\/\/wp-content\/uploads\/Y-Damperi-s.jpg\" alt=\"Home\">                                           \r\n                                            <\/div><div class=\"caption\"><h4>F\u0131re Dampers<\/h4><div class=\"lnk\"><a href=\"https:\/\/vencotek.com\/en_US\/yangin-damperleri\/\">Read more<\/a><\/div><\/div>\r\n                            <\/article> <article><div class=\"image\">\r\n                                                <img src=\"http:\/\/vencotek.com\/wp-content\/uploads\/ak\u0131s-kontrol.jpg\" alt=\"Home\">                                           \r\n                                            <\/div><div class=\"caption\"><h4>Flow Control Dampers<\/h4><div class=\"lnk\"><a href=\"https:\/\/vencotek.com\/en_US\/akis-kontrol-damperleri\/\">Read more<\/a><\/div><\/div>\r\n                            <\/article> <article><div class=\"image\">\r\n                                                <img src=\"http:\/\/vencotek.com\/wp-content\/uploads\/non-return.jpg\" alt=\"Home\">                                           \r\n                                            <\/div><div class=\"caption\"><h4>Non-Return And Pressure Relief Dampers<\/h4><div class=\"lnk\"><a href=\"https:\/\/vencotek.com\/en_US\/geri-donussuz-ve-basinc-tahliye-damperleri\/\">Read more<\/a><\/div><\/div>\r\n                            <\/article> <article><div class=\"image\">\r\n                                                <img src=\"http:\/\/vencotek.com\/wp-content\/uploads\/panjur.jpg\" alt=\"Home\">                                           \r\n                                            <\/div><div class=\"caption\"><h4>Weather Louvers <\/h4><div class=\"lnk\"><a href=\"https:\/\/vencotek.com\/en_US\/hava-panjurlari\/\">Read more<\/a><\/div><\/div>\r\n                            <\/article> <article><div class=\"image\">\r\n                                                <img src=\"http:\/\/vencotek.com\/wp-content\/uploads\/susturucu.jpg\" alt=\"Home\">                                           \r\n                                            <\/div><div class=\"caption\"><h4>Silencers<\/h4><div class=\"lnk\"><a href=\"https:\/\/vencotek.com\/en_US\/susturucular\/\">Read more<\/a><\/div><\/div>\r\n                            <\/article><article><div class=\"image\">\r\n                                                <img src=\"http:\/\/vencotek.com\/wp-content\/uploads\/hoods.jpg\" alt=\"Home\">                                           \r\n                                            <\/div><div class=\"caption\"><h4>Hoods and Canop\u0131es<\/h4><div class=\"lnk\"><a href=\"https:\/\/vencotek.com\/en_US\/kuzina-davlumbazlar-ve-golgelikler\/\">Read more<\/a><\/div><\/div>\r\n                            <\/article> <article><div class=\"image\">\r\n                                                <img src=\"http:\/\/vencotek.com\/wp-content\/uploads\/show-galley.jpg\" alt=\"Home\">                                           \r\n                                            <\/div><div class=\"caption\"><h4>Show Galley<\/h4><div class=\"lnk\"><a href=\"https:\/\/vencotek.com\/en_US\/show-galley\/\">Read more<\/a><\/div><\/div>\r\n                            <\/article> <article><div class=\"image\">\r\n                                                <img src=\"http:\/\/vencotek.com\/wp-content\/uploads\/kuzina-galley.jpg\" alt=\"Home\">                                           \r\n                                            <\/div><div class=\"caption\"><h4>Galley Diffusers<\/h4><div class=\"lnk\"><a href=\"https:\/\/vencotek.com\/en_US\/kuzina-difuzorler\/\">Read more<\/a><\/div><\/div>\r\n                            <\/article> <article><div class=\"image\">\r\n                                                <img src=\"http:\/\/vencotek.com\/wp-content\/uploads\/terminal-units.jpg\" alt=\"Home\">                                           \r\n                                            <\/div><div class=\"caption\"><h4>Term\u0131nal &amp;amp; Inl\u0131ne Un\u0131ts<\/h4><div class=\"lnk\"><a href=\"https:\/\/vencotek.com\/en_US\/terminal-ve-inline-uniteleri\/\">Read more<\/a><\/div><\/div>\r\n                            <\/article> <article><div class=\"image\">\r\n                                                <img src=\"http:\/\/vencotek.com\/wp-content\/uploads\/fancoil1.jpg\" alt=\"Home\">                                           \r\n                                            <\/div><div class=\"caption\"><h4>FanCo\u0131l Un\u0131ts<\/h4><div class=\"lnk\"><a href=\"https:\/\/vencotek.com\/en_US\/fan-coil-uniteleri\/\">Read more<\/a><\/div><\/div>\r\n                            <\/article> <article><div class=\"image\">\r\n                                                <img src=\"http:\/\/vencotek.com\/wp-content\/uploads\/blast-valves_03.jpg\" alt=\"Home\">                                           \r\n                                            <\/div><div class=\"caption\"><h4>Blast Valves<\/h4><div class=\"lnk\"><a href=\"https:\/\/vencotek.com\/en_US\/patlamaya-dayanikli-klepe\/\">Read more<\/a><\/div><\/div>\r\n                            <\/article> <article><div class=\"image\">\r\n                                                <img src=\"http:\/\/vencotek.com\/wp-content\/uploads\/diffuser.jpg\" alt=\"Home\">                                           \r\n                                            <\/div><div class=\"caption\"><h4>D\u0131ffusers Valves &amp;amp; Gr\u0131lles <\/h4><div class=\"lnk\"><a href=\"https:\/\/vencotek.com\/en_US\/difizor-valfler-ve-izgaralar\/\">Read more<\/a><\/div><\/div>\r\n                            <\/article> <article><div class=\"image\">\r\n                                                <img src=\"http:\/\/vencotek.com\/wp-content\/uploads\/dis-vent.jpg\" alt=\"Home\">                                           \r\n                                            <\/div><div class=\"caption\"><h4>D\u0131splacement Vent\u0131lat\u0131on<\/h4><div class=\"lnk\"><a href=\"https:\/\/vencotek.com\/en_US\/displacement-ventilation\/\">Read more<\/a><\/div><\/div>\r\n                            <\/article> <article><div class=\"image\">\r\n                                                <img src=\"http:\/\/vencotek.com\/wp-content\/uploads\/separatorlouvers.jpg\" alt=\"Home\">                                           \r\n                                            <\/div><div class=\"caption\"><h4>Separators &amp;amp; Louvres <\/h4><div class=\"lnk\"><a href=\"https:\/\/vencotek.com\/en_US\/ayiricilar-panjurlar\/\">Read more<\/a><\/div><\/div>\r\n                            <\/article> <article><div class=\"image\">\r\n                                                <img src=\"http:\/\/vencotek.com\/wp-content\/uploads\/soguk-oda-buton.jpg\" alt=\"Home\">                                           \r\n                                            <\/div><div class=\"caption\"><h4>So\u011fuk odalar<\/h4><div class=\"lnk\"><a href=\"https:\/\/vencotek.com\/en_US\/cooling-units\/\">Read more<\/a><\/div><\/div>\r\n                            <\/article><div class=\"clearboth\"><\/div><\/div><div class=\"clearboth\"><\/div><div class=\"line_1\"><\/div><\/div> \u00a0 <blockquote class=\"full\">We are happy to announce that as of 2015 we got the distributorship of\u00a0 <a href=\"http:\/\/www.josun.cn\/en\/technology\/guoji.htm\" target=\"_blank\" rel=\"noopener noreferrer\">Jiangsu Josun Air Conditioner Co. Ltd.<\/a>\u00a0 the largest marine refrigeration equipment manufacturer in China. With the service availabilty in 6 continent and 19 contury, we believe we can give you a higher quality service.<\/blockquote> \u00a0 \u00a0 <div class=\"block_process_1\"> <article class=\"step_1\"><div class=\"icon\" style=\"background:url(http:\/\/blackbird.com\/wp-content\/uploads\/2013\/07\/icon_process_1_1.png)\"><div class=\"shadow\"><\/div><\/div><div class=\"title\"><h3>Agreement<\/h3><h4>Proposals are carefully prepared.<\/h4> <\/div><\/article> <article class=\"step_1\"><div class=\"icon\" style=\"background:url(http:\/\/blackbird.com\/wp-content\/uploads\/2013\/07\/icon_process_1_2.png)\"><div class=\"shadow\"><\/div><\/div><div class=\"title\"><h3>Planning<\/h3><h4>Design and necessary planning are made.<\/h4> <\/div><\/article> <article class=\"step_1\"><div class=\"icon\" style=\"background:url(http:\/\/blackbird.com\/wp-content\/uploads\/2013\/07\/icon_process_1_3.png)\"><div class=\"shadow\"><\/div><\/div><div class=\"title\"><h3>Production<\/h3><h4>High standard materials are used.<\/h4> <\/div><\/article> <article class=\"step_1 last_step\"><div class=\"icon\" style=\"background:url(http:\/\/blackbird.com\/wp-content\/uploads\/2013\/07\/icon_process_1_4.png)\"><div class=\"shadow\"><\/div><\/div><div class=\"title\"><h3>Delivery<\/h3><h4>Timing and satisfaction of our customers is important to us.<\/h4> <\/div><\/article> <div class=\"clearboth\"><\/div><div class=\"line_1\"><\/div><\/div>\n<div>\n<h2>\u00a0<\/h2>\n<h2><span style=\"color: #9a1516;\"><a style=\"color: #9a1516;\" title=\"Projelerimiz\" href=\"https:\/\/vencotek.com\/en_US\/suregelen-projeler\/\">Our Projects<\/a><\/span><\/h2>\n<p><img loading=\"lazy\" class=\" size-thumbnail wp-image-1446 alignnone\" src=\"http:\/\/vencotek.com\/wp-content\/uploads\/imgReSize2-150x150.jpg\" alt=\"imgReSize2\" width=\"150\" height=\"150\" \/>\u00a0 \u00a0<img loading=\"lazy\" class=\" size-thumbnail wp-image-1452 alignnone\" src=\"http:\/\/vencotek.com\/wp-content\/uploads\/20150223_170622-150x150.jpg\" alt=\"20150223_170622\" width=\"150\" height=\"150\" \/><img loading=\"lazy\" class=\"alignleft size-thumbnail wp-image-1456\" src=\"http:\/\/vencotek.com\/wp-content\/uploads\/SAM_kucuk-150x150.jpg\" alt=\"SAM_kucuk\" width=\"150\" height=\"150\" \/><img loading=\"lazy\" class=\"alignleft size-thumbnail wp-image-1443\" src=\"http:\/\/vencotek.com\/wp-content\/uploads\/arayuz-tamamlanan-2-150x150.jpg\" alt=\"arayuz-tamamlanan-2\" width=\"150\" height=\"150\" \/><img loading=\"lazy\" class=\"alignleft size-thumbnail wp-image-1451\" src=\"http:\/\/vencotek.com\/wp-content\/uploads\/20150223_170430-150x150.jpg\" alt=\"vencotek\" width=\"150\" height=\"150\" \/><a title=\"Projelerimiz\" href=\"http:\/\/vencotek.com\/suregelen-projeler\/\"><img loading=\"lazy\" class=\"wp-image-1779 alignright\" src=\"http:\/\/vencotek.com\/wp-content\/uploads\/ok.png\" alt=\"ok\" width=\"65\" height=\"98\" \/><\/a><\/div>\n<div>\n<h2>\u00a0<\/h2>\n<\/div>\n<h2>\u00a0<\/h2>\n<p>\u00a0 \u00a0 \u00a0<\/p>\n<div>\n<h2><span style=\"color: #9a1516;\"><a style=\"color: #9a1516;\" title=\"\" href=\"https:\/\/vencotek.com\/en_US\/referanslarimiz\/\">Our References<\/a><\/span><\/h2>\n<p>[logocarousel id=&#8221;2586&#8243;]<\/p><\/div>\n<p>\u00a0 \u00a0<\/p>\n","protected":false},"excerpt":{"rendered":"<div>[smartslider3 slider=3]<\/div>\n<p>[slogan title=&#8217;<strong>Welcome to VENCOTEK ventilation and air-conditioning equipment website&#8230;<\/strong>&#8216; content=&#8217; With the experienced technical crew and cooperation of professional sub-companies, we can provid&#8230;<\/p>\n","protected":false},"author":1,"featured_media":0,"parent":0,"menu_order":0,"comment_status":"closed","ping_status":"closed","template":"template-page-fullwidth.php","meta":[],"_links":{"self":[{"href":"https:\/\/vencotek.com\/wp-json\/wp\/v2\/pages\/2161"}],"collection":[{"href":"https:\/\/vencotek.com\/wp-json\/wp\/v2\/pages"}],"about":[{"href":"https:\/\/vencotek.com\/wp-json\/wp\/v2\/types\/page"}],"author":[{"embeddable":true,"href":"https:\/\/vencotek.com\/wp-json\/wp\/v2\/users\/1"}],"replies":[{"embeddable":true,"href":"https:\/\/vencotek.com\/wp-json\/wp\/v2\/comments?post=2161"}],"version-history":[{"count":126,"href":"https:\/\/vencotek.com\/wp-json\/wp\/v2\/pages\/2161\/revisions"}],"predecessor-version":[{"id":2905,"href":"https:\/\/vencotek.com\/wp-json\/wp\/v2\/pages\/2161\/revisions\/2905"}],"wp:attachment":[{"href":"https:\/\/vencotek.com\/wp-json\/wp\/v2\/media?parent=2161"}],"curies":[{"name":"wp","href":"https:\/\/api.w.org\/{rel}","templated":true}]}}