{"id":2472,"date":"2019-11-10T18:59:23","date_gmt":"2019-11-10T18:59:23","guid":{"rendered":"http:\/\/vencotek.com\/?page_id=2472"},"modified":"2019-11-17T18:12:17","modified_gmt":"2019-11-17T18:12:17","slug":"cooling-units","status":"publish","type":"page","link":"https:\/\/vencotek.com\/en_US\/cooling-units\/","title":{"rendered":"Cooling Units"},"content":{"rendered":"<h2>Cooling Units<\/h2>\n<div class=\"three_fourth \">\n<h2><img loading=\"lazy\" class=\"size-full wp-image-845 aligncenter\" src=\"http:\/\/vencotek.com\/wp-content\/uploads\/soguk-oda-buton.jpg\" alt=\"\" width=\"300\" height=\"300\" \/><\/h2>\n<p><\/div> <div class=\"one_fourth last\"><h3><strong><span style=\"color: #9a1516;\">Product Categories<\/span><\/strong><\/h3>\n<h4><span style=\"color: #808080;\"><strong>\u00a0<\/strong><a style=\"color: #808080;\" title=\"Fanlar\" href=\"http:\/\/vencotek.com\/fanlar\/\">\u2022 \u00a0Fans<br \/><\/a><\/span><br \/><span style=\"color: #808080;\">\u2022 \u00a0<a style=\"color: #808080;\" title=\"Sudan Havaya Is\u0131 Pompalar\u0131\" href=\"http:\/\/vencotek.com\/su-kaynakli-isi-pompalari\/\">Water Source Heat Pumps<br \/><\/a><\/span><br \/><span style=\"color: #808080;\">\u2022 \u00a0<a style=\"color: #808080;\" title=\"Havaland\u0131rma \u015eapkalar\u0131\" href=\"http:\/\/vencotek.com\/havalandirma-sapkalari\/\">Ventilation Cowls<br \/><\/a><\/span><br \/><span style=\"color: #808080;\">\u2022 \u00a0<a style=\"color: #808080;\" title=\"Damperler\" href=\"http:\/\/vencotek.com\/damperler\/\">Dampers<br \/><\/a><\/span><br \/><span style=\"color: #808080;\">\u2022 \u00a0<a style=\"color: #808080;\" title=\"Yang\u0131n Damperleri\" href=\"http:\/\/vencotek.com\/yangin-damperleri\/\">Fire and Gas Dampers<br \/><\/a><\/span><br \/><span style=\"color: #808080;\"> \u2022 \u00a0<a style=\"color: #808080;\" title=\"Ak\u0131\u015f Kontrol Damperleri\" href=\"http:\/\/vencotek.com\/akis-kontrol-damperleri\/\">Flow Control\u00a0Dampers<\/a><br \/><\/span><br \/><span style=\"color: #808080;\">\u2022 \u00a0<a style=\"color: #808080;\" title=\"Geri D\u00f6n\u00fc\u015fs\u00fcz Ve Bas\u0131n\u00e7 Tahliye Damperleri\" href=\"http:\/\/vencotek.com\/geri-donussuz-ve-basinc-tahliye-damperleri\/\">Non-Return Dampers<br \/><\/a><\/span><br \/><span style=\"color: #808080;\">\u2022 \u00a0<a style=\"color: #808080;\" title=\"Panjurlar\" href=\"http:\/\/vencotek.com\/hava-panjurlari\/\">Weather Louvers<br \/><\/a><\/span><br \/><span style=\"color: #808080;\"> \u2022 \u00a0<a style=\"color: #808080;\" title=\"Susturucular\" href=\"http:\/\/vencotek.com\/susturucular\/\">Silencers<br \/><\/a><\/span><br \/><span style=\"color: #808080;\">\u2022 \u00a0<a style=\"color: #808080;\" title=\"Kuzina Davlumbazlar ve G\u00f6lgelikler\" href=\"http:\/\/vencotek.com\/kuzina-davlumbazlar-ve-golgelikler\/\">Hoods and Canopies<br \/><\/a><\/span><br \/><span style=\"color: #808080;\">\u2022 \u00a0<a style=\"color: #808080;\" title=\"Show Galley\" href=\"http:\/\/vencotek.com\/show-galley\/\">Show Galley<br \/><\/a><\/span><br \/><span style=\"color: #808080;\">\u2022 \u00a0<a style=\"color: #808080;\" title=\"Kuzina Dif\u00fcz\u00f6rler\" href=\"http:\/\/vencotek.com\/kuzina-difuzorler\/\">Galley Diffusers<br \/><\/a><\/span><br \/><span style=\"color: #808080;\">\u2022 \u00a0<a style=\"color: #808080;\" title=\"Terminal ve Inline \u00dcniteleri\" href=\"http:\/\/vencotek.com\/terminal-ve-inline-uniteleri\/\">Terminal &amp; Inline Units<br \/><\/a><\/span><br \/><span style=\"color: #808080;\">\u2022 \u00a0<a style=\"color: #808080;\" title=\"Fan Coil \u00dcniteleri\" href=\"http:\/\/vencotek.com\/fan-coil-uniteleri\/\">FanCoil Units<br \/><\/a><\/span><br \/><span style=\"color: #808080;\">\u2022 \u00a0<a style=\"color: #808080;\" title=\"Patlamaya Dayan\u0131kl\u0131 Valfler\" href=\"http:\/\/vencotek.com\/patlamaya-dayanikli-klepe\/\">Blast Valves<br \/><\/a><\/span><br \/><span style=\"color: #808080;\">\u2022 \u00a0<a style=\"color: #808080;\" title=\"Difiz\u00f6r Valfler ve Izgaralar\" href=\"http:\/\/vencotek.com\/difizor-valfler-ve-izgaralar\/\">Diffusers Valves &amp; Grilles<br \/><\/a><\/span><br \/><span style=\"color: #808080;\">\u2022 \u00a0<a style=\"color: #808080;\" title=\"Displacement Ventilation\" href=\"http:\/\/vencotek.com\/displacement-ventilation\/\">Displacement Ventilation<br \/><\/a><\/span><br \/><span style=\"color: #808080;\">\u2022 \u00a0<a style=\"color: #808080;\" title=\"Ay\u0131r\u0131c\u0131lar &amp; Panjurlar\" href=\"http:\/\/vencotek.com\/ayiricilar-panjurlar\/\">Separators &amp; Louvres<br \/><\/a><\/span><br \/><span style=\"color: #808080;\">\u2022 \u00a0<a style=\"color: #808080;\" href=\"http:\/\/vencotek.com\/tr_TR\/cooling-units\/\">Cooling Units<\/a><\/span><\/h4>\n<p>\u00a0<\/p>\n<\/div><div class=\"clearboth\"><\/div><div class=\"line_1\" style=\"margin:22px 0px 33px;\"><\/div>\n","protected":false},"excerpt":{"rendered":"<h2>Cooling Units<\/h2>\n[three_fourth title='' line='no']\n<h2><img loading=\"lazy\" class=\"size-full wp-image-845 aligncenter\" src=\"http:\/\/vencotek.com\/wp-content\/uploads\/soguk-oda-buton.jpg\" alt=\"\" width=\"300\" height=\"300\" \/><\/h2>\n<p>[\/three_fourth] [one_fourth t&#8230;<\/p>\n","protected":false},"author":1,"featured_media":0,"parent":0,"menu_order":0,"comment_status":"closed","ping_status":"closed","template":"","meta":[],"_links":{"self":[{"href":"https:\/\/vencotek.com\/wp-json\/wp\/v2\/pages\/2472"}],"collection":[{"href":"https:\/\/vencotek.com\/wp-json\/wp\/v2\/pages"}],"about":[{"href":"https:\/\/vencotek.com\/wp-json\/wp\/v2\/types\/page"}],"author":[{"embeddable":true,"href":"https:\/\/vencotek.com\/wp-json\/wp\/v2\/users\/1"}],"replies":[{"embeddable":true,"href":"https:\/\/vencotek.com\/wp-json\/wp\/v2\/comments?post=2472"}],"version-history":[{"count":10,"href":"https:\/\/vencotek.com\/wp-json\/wp\/v2\/pages\/2472\/revisions"}],"predecessor-version":[{"id":2694,"href":"https:\/\/vencotek.com\/wp-json\/wp\/v2\/pages\/2472\/revisions\/2694"}],"wp:attachment":[{"href":"https:\/\/vencotek.com\/wp-json\/wp\/v2\/media?parent=2472"}],"curies":[{"name":"wp","href":"https:\/\/api.w.org\/{rel}","templated":true}]}}