{"id":33,"date":"2015-01-21T21:27:54","date_gmt":"2015-01-21T21:27:54","guid":{"rendered":"http:\/\/vencotek.com\/?page_id=33"},"modified":"2019-11-10T15:20:09","modified_gmt":"2019-11-10T15:20:09","slug":"hakkimizda","status":"publish","type":"page","link":"https:\/\/vencotek.com\/en_US\/hakkimizda\/","title":{"rendered":"About Us"},"content":{"rendered":"<p>VENCOTEK has been in the market since 1994. As an air conditioning company and we have been actively in marine business since 2002. Our main goals, quality production and reliable service has already been acknowledged from many local firms and not only that, firms are in Russia, Arabia, The United Arab Emirates, Iran, Pakistani, Italy, Ukraine, Holland, Venezuela and Norway have also pleased with our company and we are continuing to further developing our relationship. <strong>With the experienced technical crew and cooperation of professional sub-companies, we can provide high quality equipment with fast service. And in any kind of complication, our support team is ready to respond immediately.<\/strong> <div class=\"one_half \"><h3><strong>OUR MISSION<\/strong><\/h3> Our mission is; Provide best possible options in price and stock range by continuous market analysis. And tracking import and export activity which will provide us expertise in project and product services.<\/div> <div class=\"one_half last\"><h3><strong>OUR VISION<\/strong><\/h3> Our vision is to be widely known and respected company in country, and expand our brand name and popularity in abroad. Become a proud Turkish company.<\/div><div class=\"clearboth\"><\/div><div class=\"line_1\" style=\"margin:22px 0px 33px;\"><\/div> <blockquote class=\"full\">By the end of the 2014, we came one step closer to our goals. A World famous Canadian tugboat company ROBERT ALLAN recommended our products in agreement.<\/blockquote> <blockquote class=\"full\">We are happy to announce that as of 2015 \u00a0we got the distributorship of <strong><a href=\"http:\/\/www.josun.cn\/en\/technology\/guoji.htm\" target=\"_blank\" rel=\"noopener noreferrer\">Jiangsu Josun Air Conditioner Co. Ltd.<\/a> <\/strong>the largest marine refrigeration equipment manufacturer in China. With the service availabilty in 6 continent and 19 contury, we believe we can give you a higher quality service.<\/blockquote>\n\n\t\t<style type=\"text\/css\">\n\t\t\t#gallery-1 {\n\t\t\t\tmargin: auto;\n\t\t\t}\n\t\t\t#gallery-1 .gallery-item {\n\t\t\t\tfloat: left;\n\t\t\t\tmargin-top: 10px;\n\t\t\t\ttext-align: center;\n\t\t\t\twidth: 20%;\n\t\t\t}\n\t\t\t#gallery-1 img {\n\t\t\t\tborder: 2px solid #cfcfcf;\n\t\t\t}\n\t\t\t#gallery-1 .gallery-caption {\n\t\t\t\tmargin-left: 0;\n\t\t\t}\n\t\t\t\/* see gallery_shortcode() in wp-includes\/media.php *\/\n\t\t<\/style>\n\t\t<div id='gallery-1' class='gallery galleryid-33 gallery-columns-5 gallery-size-medium'><dl class='gallery-item'>\n\t\t\t<dt class='gallery-icon portrait'>\n\t\t\t\t<a href='https:\/\/vencotek.com\/wp-content\/uploads\/ISO-QUALITY-CERTIFICATES-1.jpg'><img width=\"216\" height=\"300\" src=\"https:\/\/vencotek.com\/wp-content\/uploads\/ISO-QUALITY-CERTIFICATES-1-216x300.jpg\" class=\"attachment-medium size-medium\" alt=\"\" loading=\"lazy\" srcset=\"https:\/\/vencotek.com\/wp-content\/uploads\/ISO-QUALITY-CERTIFICATES-1-216x300.jpg 216w, https:\/\/vencotek.com\/wp-content\/uploads\/ISO-QUALITY-CERTIFICATES-1-768x1065.jpg 768w, https:\/\/vencotek.com\/wp-content\/uploads\/ISO-QUALITY-CERTIFICATES-1-738x1024.jpg 738w, https:\/\/vencotek.com\/wp-content\/uploads\/ISO-QUALITY-CERTIFICATES-1.jpg 950w\" sizes=\"(max-width: 216px) 100vw, 216px\" \/><\/a>\n\t\t\t<\/dt><\/dl><dl class='gallery-item'>\n\t\t\t<dt class='gallery-icon portrait'>\n\t\t\t\t<a href='https:\/\/vencotek.com\/wp-content\/uploads\/ISO-QUALITY-CERTIFICATES-2.jpg'><img width=\"216\" height=\"300\" src=\"https:\/\/vencotek.com\/wp-content\/uploads\/ISO-QUALITY-CERTIFICATES-2-216x300.jpg\" class=\"attachment-medium size-medium\" alt=\"\" loading=\"lazy\" srcset=\"https:\/\/vencotek.com\/wp-content\/uploads\/ISO-QUALITY-CERTIFICATES-2-216x300.jpg 216w, https:\/\/vencotek.com\/wp-content\/uploads\/ISO-QUALITY-CERTIFICATES-2-768x1065.jpg 768w, https:\/\/vencotek.com\/wp-content\/uploads\/ISO-QUALITY-CERTIFICATES-2-738x1024.jpg 738w, https:\/\/vencotek.com\/wp-content\/uploads\/ISO-QUALITY-CERTIFICATES-2.jpg 950w\" sizes=\"(max-width: 216px) 100vw, 216px\" \/><\/a>\n\t\t\t<\/dt><\/dl><dl class='gallery-item'>\n\t\t\t<dt class='gallery-icon portrait'>\n\t\t\t\t<a href='https:\/\/vencotek.com\/wp-content\/uploads\/ISO-QUALITY-CERTIFICATES-3.jpg'><img width=\"216\" height=\"300\" src=\"https:\/\/vencotek.com\/wp-content\/uploads\/ISO-QUALITY-CERTIFICATES-3-216x300.jpg\" class=\"attachment-medium size-medium\" alt=\"\" loading=\"lazy\" srcset=\"https:\/\/vencotek.com\/wp-content\/uploads\/ISO-QUALITY-CERTIFICATES-3-216x300.jpg 216w, https:\/\/vencotek.com\/wp-content\/uploads\/ISO-QUALITY-CERTIFICATES-3-768x1065.jpg 768w, https:\/\/vencotek.com\/wp-content\/uploads\/ISO-QUALITY-CERTIFICATES-3-738x1024.jpg 738w, https:\/\/vencotek.com\/wp-content\/uploads\/ISO-QUALITY-CERTIFICATES-3.jpg 950w\" sizes=\"(max-width: 216px) 100vw, 216px\" \/><\/a>\n\t\t\t<\/dt><\/dl><dl class='gallery-item'>\n\t\t\t<dt class='gallery-icon portrait'>\n\t\t\t\t<a href='https:\/\/vencotek.com\/wp-content\/uploads\/VENCOTEK-YERL\u0130-MALI-BELGELER\u0130-1.jpg'><img width=\"212\" height=\"300\" src=\"https:\/\/vencotek.com\/wp-content\/uploads\/VENCOTEK-YERL\u0130-MALI-BELGELER\u0130-1-212x300.jpg\" class=\"attachment-medium size-medium\" alt=\"\" loading=\"lazy\" srcset=\"https:\/\/vencotek.com\/wp-content\/uploads\/VENCOTEK-YERL\u0130-MALI-BELGELER\u0130-1-212x300.jpg 212w, https:\/\/vencotek.com\/wp-content\/uploads\/VENCOTEK-YERL\u0130-MALI-BELGELER\u0130-1-768x1086.jpg 768w, https:\/\/vencotek.com\/wp-content\/uploads\/VENCOTEK-YERL\u0130-MALI-BELGELER\u0130-1-724x1024.jpg 724w, https:\/\/vencotek.com\/wp-content\/uploads\/VENCOTEK-YERL\u0130-MALI-BELGELER\u0130-1.jpg 950w\" sizes=\"(max-width: 212px) 100vw, 212px\" \/><\/a>\n\t\t\t<\/dt><\/dl><dl class='gallery-item'>\n\t\t\t<dt class='gallery-icon portrait'>\n\t\t\t\t<a href='https:\/\/vencotek.com\/wp-content\/uploads\/VENCOTEK-YERL\u0130-MALI-BELGELER\u0130-2.jpg'><img width=\"212\" height=\"300\" src=\"https:\/\/vencotek.com\/wp-content\/uploads\/VENCOTEK-YERL\u0130-MALI-BELGELER\u0130-2-212x300.jpg\" class=\"attachment-medium size-medium\" alt=\"\" loading=\"lazy\" srcset=\"https:\/\/vencotek.com\/wp-content\/uploads\/VENCOTEK-YERL\u0130-MALI-BELGELER\u0130-2-212x300.jpg 212w, https:\/\/vencotek.com\/wp-content\/uploads\/VENCOTEK-YERL\u0130-MALI-BELGELER\u0130-2-768x1086.jpg 768w, https:\/\/vencotek.com\/wp-content\/uploads\/VENCOTEK-YERL\u0130-MALI-BELGELER\u0130-2-724x1024.jpg 724w, https:\/\/vencotek.com\/wp-content\/uploads\/VENCOTEK-YERL\u0130-MALI-BELGELER\u0130-2.jpg 950w\" sizes=\"(max-width: 212px) 100vw, 212px\" \/><\/a>\n\t\t\t<\/dt><\/dl><br style=\"clear: both\" \/><dl class='gallery-item'>\n\t\t\t<dt class='gallery-icon portrait'>\n\t\t\t\t<a href='https:\/\/vencotek.com\/wp-content\/uploads\/VENCOTEK-A-30-MED-MOD\u00dcL-B-SERT\u0130F\u0130KASI.jpg'><img width=\"214\" height=\"300\" src=\"https:\/\/vencotek.com\/wp-content\/uploads\/VENCOTEK-A-30-MED-MOD\u00dcL-B-SERT\u0130F\u0130KASI-214x300.jpg\" class=\"attachment-medium size-medium\" alt=\"\" loading=\"lazy\" srcset=\"https:\/\/vencotek.com\/wp-content\/uploads\/VENCOTEK-A-30-MED-MOD\u00dcL-B-SERT\u0130F\u0130KASI-214x300.jpg 214w, https:\/\/vencotek.com\/wp-content\/uploads\/VENCOTEK-A-30-MED-MOD\u00dcL-B-SERT\u0130F\u0130KASI.jpg 648w\" sizes=\"(max-width: 214px) 100vw, 214px\" \/><\/a>\n\t\t\t<\/dt><\/dl><dl class='gallery-item'>\n\t\t\t<dt class='gallery-icon portrait'>\n\t\t\t\t<a href='https:\/\/vencotek.com\/wp-content\/uploads\/VENCOTEK-MOD\u00dcL-D-SERT\u0130F\u0130KASI.jpg'><img width=\"219\" height=\"300\" src=\"https:\/\/vencotek.com\/wp-content\/uploads\/VENCOTEK-MOD\u00dcL-D-SERT\u0130F\u0130KASI-219x300.jpg\" class=\"attachment-medium size-medium\" alt=\"\" loading=\"lazy\" srcset=\"https:\/\/vencotek.com\/wp-content\/uploads\/VENCOTEK-MOD\u00dcL-D-SERT\u0130F\u0130KASI-219x300.jpg 219w, https:\/\/vencotek.com\/wp-content\/uploads\/VENCOTEK-MOD\u00dcL-D-SERT\u0130F\u0130KASI.jpg 649w\" sizes=\"(max-width: 219px) 100vw, 219px\" \/><\/a>\n\t\t\t<\/dt><\/dl><dl class='gallery-item'>\n\t\t\t<dt class='gallery-icon portrait'>\n\t\t\t\t<a href='https:\/\/vencotek.com\/wp-content\/uploads\/belge-ohsas.jpg'><img width=\"212\" height=\"300\" src=\"https:\/\/vencotek.com\/wp-content\/uploads\/belge-ohsas-212x300.jpg\" class=\"attachment-medium size-medium\" alt=\"\" loading=\"lazy\" srcset=\"https:\/\/vencotek.com\/wp-content\/uploads\/belge-ohsas-212x300.jpg 212w, https:\/\/vencotek.com\/wp-content\/uploads\/belge-ohsas-724x1024.jpg 724w, https:\/\/vencotek.com\/wp-content\/uploads\/belge-ohsas.jpg 1654w\" sizes=\"(max-width: 212px) 100vw, 212px\" \/><\/a>\n\t\t\t<\/dt><\/dl><dl class='gallery-item'>\n\t\t\t<dt class='gallery-icon portrait'>\n\t\t\t\t<a href='https:\/\/vencotek.com\/wp-content\/uploads\/belge-14001.jpg'><img width=\"212\" height=\"300\" src=\"https:\/\/vencotek.com\/wp-content\/uploads\/belge-14001-212x300.jpg\" class=\"attachment-medium size-medium\" alt=\"\" loading=\"lazy\" srcset=\"https:\/\/vencotek.com\/wp-content\/uploads\/belge-14001-212x300.jpg 212w, https:\/\/vencotek.com\/wp-content\/uploads\/belge-14001-724x1024.jpg 724w, https:\/\/vencotek.com\/wp-content\/uploads\/belge-14001.jpg 1654w\" sizes=\"(max-width: 212px) 100vw, 212px\" \/><\/a>\n\t\t\t<\/dt><\/dl><dl class='gallery-item'>\n\t\t\t<dt class='gallery-icon portrait'>\n\t\t\t\t<a href='https:\/\/vencotek.com\/wp-content\/uploads\/belge-\u0131so-9001.jpg'><img width=\"212\" height=\"300\" src=\"https:\/\/vencotek.com\/wp-content\/uploads\/belge-\u0131so-9001-212x300.jpg\" class=\"attachment-medium size-medium\" alt=\"\" loading=\"lazy\" srcset=\"https:\/\/vencotek.com\/wp-content\/uploads\/belge-\u0131so-9001-212x300.jpg 212w, https:\/\/vencotek.com\/wp-content\/uploads\/belge-\u0131so-9001-724x1024.jpg 724w, https:\/\/vencotek.com\/wp-content\/uploads\/belge-\u0131so-9001.jpg 1654w\" sizes=\"(max-width: 212px) 100vw, 212px\" \/><\/a>\n\t\t\t<\/dt><\/dl><br style=\"clear: both\" \/>\n\t\t<\/div>\n\n","protected":false},"excerpt":{"rendered":"<p>VENCOTEK has been in the market since 1994. As an air conditioning company and we have been actively in marine business since 2002. Our main goals, quality production and reliable service has already been acknowledged from many local firms and not&#8230;<\/p>\n","protected":false},"author":1,"featured_media":2438,"parent":0,"menu_order":0,"comment_status":"closed","ping_status":"closed","template":"template-page-fullwidth.php","meta":[],"_links":{"self":[{"href":"https:\/\/vencotek.com\/wp-json\/wp\/v2\/pages\/33"}],"collection":[{"href":"https:\/\/vencotek.com\/wp-json\/wp\/v2\/pages"}],"about":[{"href":"https:\/\/vencotek.com\/wp-json\/wp\/v2\/types\/page"}],"author":[{"embeddable":true,"href":"https:\/\/vencotek.com\/wp-json\/wp\/v2\/users\/1"}],"replies":[{"embeddable":true,"href":"https:\/\/vencotek.com\/wp-json\/wp\/v2\/comments?post=33"}],"version-history":[{"count":85,"href":"https:\/\/vencotek.com\/wp-json\/wp\/v2\/pages\/33\/revisions"}],"predecessor-version":[{"id":247,"href":"https:\/\/vencotek.com\/wp-json\/wp\/v2\/pages\/33\/revisions\/247"}],"wp:featuredmedia":[{"embeddable":true,"href":"https:\/\/vencotek.com\/wp-json\/wp\/v2\/media\/2438"}],"wp:attachment":[{"href":"https:\/\/vencotek.com\/wp-json\/wp\/v2\/media?parent=33"}],"curies":[{"name":"wp","href":"https:\/\/api.w.org\/{rel}","templated":true}]}}