{"id":2161,"date":"2019-10-22T11:47:45","date_gmt":"2019-10-22T11:47:45","guid":{"rendered":"http:\/\/vencotek.com\/?page_id=2161"},"modified":"2024-01-18T17:17:15","modified_gmt":"2024-01-18T17:17:15","slug":"anasayfa-1","status":"publish","type":"page","link":"https:\/\/vencotek.com\/tr_TR\/","title":{"rendered":"Home"},"content":{"rendered":"<div><\/div>\n<div class=\"block_slogan_1\">\r\n                    <h1><strong>VENCOTEK   iklimlendirme Sanayi ve Ticaret A.\u015e. sayfas\u0131na ho\u015fgeldiniz...<\/strong><\/h1>\r\n                    <h2> Uzmanla\u015fm\u0131\u015f kadrosu ve kendi alan\u0131nda profesyonel ekiplerin i\u015fbirli\u011fiyle;m\u00fc\u015fterilerimizin talep etti\u011fi \u00fcr\u00fcnleri en g\u00fcvenilir \u015fekilde tedarik etmekle kalmay\u0131p \u00fcr\u00fcnlerin ara\u015ft\u0131r\u0131lmas\u0131ndan ula\u015ft\u0131r\u0131lmas\u0131na kadarki s\u00fcre\u00e7te \u00e7\u0131kan ve \u00e7\u0131kabilecek her t\u00fcrl\u00fc sorunla ilgili h\u0131zl\u0131 ve etkin \u00e7\u00f6z\u00fcmler bularak; isteklerin zaman\u0131nda kar\u015f\u0131lanmas\u0131n\u0131 sa\u011flamak, kurumsal oda\u011f\u0131m\u0131z\u0131 olu\u015fturmaktad\u0131r.<\/h2><\/div>\n<h2>\u00dcr\u00fcn \u00c7e\u015fitlerimiz<\/h2>\n<div class=\"block_services_11\"><div class=\"services\"><article><div class=\"image\">\r\n                                                <img src=\"http:\/\/vencotek.com\/wp-content\/uploads\/FANLAR200X200-e1589629494670.png\" alt=\"Home\">                                           \r\n                                            <\/div><div class=\"caption\"><h4>Fanlar<\/h4><div class=\"lnk\"><a href=\" http:\/\/vencotek.com\/tr\/fanlar\/\">Read more<\/a><\/div><\/div>\r\n                            <\/article><article><div class=\"image\">\r\n                                                <img src=\"http:\/\/vencotek.com\/wp-content\/uploads\/sudan-havaya-buton-e1589632637911.jpg\" alt=\"Home\">                                           \r\n                                            <\/div><div class=\"caption\"><h4>Su Kaynakl\u0131 Paket Is\u0131 Pompalar\u0131<\/h4><div class=\"lnk\"><a href=\"http:\/\/vencotek.com\/su-kaynakli-isi-pompalari\/\">Read more<\/a><\/div><\/div>\r\n                            <\/article> <article><div class=\"image\">\r\n                                                <img src=\"http:\/\/vencotek.com\/wp-content\/uploads\/ventilation-clows3-e1589629675615.jpg\" alt=\"Home\">                                           \r\n                                            <\/div><div class=\"caption\"><h4>Havaland\u0131rma \u015eapkalar\u0131<\/h4><div class=\"lnk\"><a href=\"http:\/\/vencotek.com\/tr\/havalandirma-sapkalari\/\">Read more<\/a><\/div><\/div>\r\n                            <\/article> <article><div class=\"image\">\r\n                                                <img src=\"http:\/\/vencotek.com\/wp-content\/uploads\/damper-e1589631882223.jpg\" alt=\"Home\">                                           \r\n                                            <\/div><div class=\"caption\"><h4>Damperler<\/h4><div class=\"lnk\"><a href=\"http:\/\/vencotek.com\/tr\/damperler\/\">Read more<\/a><\/div><\/div>\r\n                            <\/article> <article><div class=\"image\">\r\n                                                <img src=\"http:\/\/vencotek.com\/wp-content\/uploads\/Y-Damperi-s-e1589631440350.jpg\" alt=\"Home\">                                           \r\n                                            <\/div><div class=\"caption\"><h4>Yang\u0131n Damperleri<\/h4><div class=\"lnk\"><a href=\"http:\/\/vencotek.com\/tr\/yangin-damperleri\/\">Read more<\/a><\/div><\/div>\r\n                            <\/article> <article><div class=\"image\">\r\n                                                <img src=\"http:\/\/vencotek.com\/wp-content\/uploads\/ak\u0131s-kontrol-e1589629693716.jpg\" alt=\"Home\">                                           \r\n                                            <\/div><div class=\"caption\"><h4>Ak\u0131\u015f Kontrol Damperleri<\/h4><div class=\"lnk\"><a href=\"http:\/\/vencotek.com\/tr\/akis-kontrol-damperleri\/\">Read more<\/a><\/div><\/div>\r\n                            <\/article> <article><div class=\"image\">\r\n                                                <img src=\"http:\/\/vencotek.com\/wp-content\/uploads\/non-return-e1589629785189.jpg\" alt=\"Home\">                                           \r\n                                            <\/div><div class=\"caption\"><h4>Geri D\u00f6n\u00fc\u015fs\u00fcz Ve Bas\u0131n\u00e7 Tahliye Damperleri<\/h4><div class=\"lnk\"><a href=\"http:\/\/vencotek.com\/tr\/geri-donussuz-ve-basinc-tahliye-damperleri\/\">Read more<\/a><\/div><\/div>\r\n                            <\/article> <article><div class=\"image\">\r\n                                                <img src=\"http:\/\/vencotek.com\/wp-content\/uploads\/panjur-e1589631790809.jpg\" alt=\"Home\">                                           \r\n                                            <\/div><div class=\"caption\"><h4>Panjurlar<\/h4><div class=\"lnk\"><a href=\"http:\/\/vencotek.com\/tr\/hava-panjurlari\/\">Read more<\/a><\/div><\/div>\r\n                            <\/article> <article><div class=\"image\">\r\n                                                <img src=\"http:\/\/vencotek.com\/wp-content\/uploads\/susturucu-e1589629711315.jpg\" alt=\"Home\">                                           \r\n                                            <\/div><div class=\"caption\"><h4>Susturucular<\/h4><div class=\"lnk\"><a href=\"http:\/\/vencotek.com\/tr\/susturucular\/\">Read more<\/a><\/div><\/div>\r\n                            <\/article><article><div class=\"image\">\r\n                                                <img src=\"http:\/\/vencotek.com\/wp-content\/uploads\/hoods-e1589632189833.jpg\" alt=\"Home\">                                           \r\n                                            <\/div><div class=\"caption\"><h4>Davlumbazlar ve G\u00f6lgelikler<\/h4><div class=\"lnk\"><a href=\"http:\/\/vencotek.com\/tr\/kuzina-davlumbazlar-ve-golgelikler\/\">Read more<\/a><\/div><\/div>\r\n                            <\/article> <article><div class=\"image\">\r\n                                                <img src=\"http:\/\/vencotek.com\/wp-content\/uploads\/show-galley-e1589632226899.jpg\" alt=\"Home\">                                           \r\n                                            <\/div><div class=\"caption\"><h4>Show Galley<\/h4><div class=\"lnk\"><a href=\"http:\/\/vencotek.com\/tr\/show-galley\/\">Read more<\/a><\/div><\/div>\r\n                            <\/article> <article><div class=\"image\">\r\n                                                <img src=\"http:\/\/vencotek.com\/wp-content\/uploads\/kuzina-galley-e1589632263697.jpg\" alt=\"Home\">                                           \r\n                                            <\/div><div class=\"caption\"><h4>Kuzina Dif\u00fcz\u00f6rler<\/h4><div class=\"lnk\"><a href=\"http:\/\/vencotek.com\/tr\/kuzina-difuzorler\/\">Read more<\/a><\/div><\/div>\r\n                            <\/article> <article><div class=\"image\">\r\n                                                <img src=\"http:\/\/vencotek.com\/wp-content\/uploads\/terminal-units-e1589632303431.jpg\" alt=\"Home\">                                           \r\n                                            <\/div><div class=\"caption\"><h4>Terminal \u00dcniteler<\/h4><div class=\"lnk\"><a href=\"http:\/\/vencotek.com\/tr\/terminal-ve-inline-uniteleri\/\">Read more<\/a><\/div><\/div>\r\n                            <\/article> <article><div class=\"image\">\r\n                                                <img src=\"http:\/\/vencotek.com\/wp-content\/uploads\/fancoil1-e1589632339923.jpg\" alt=\"Home\">                                           \r\n                                            <\/div><div class=\"caption\"><h4>FanCo\u0131l \u00dcniteleri<\/h4><div class=\"lnk\"><a href=\"http:\/\/vencotek.com\/tr\/fan-coil-uniteleri\/\">Read more<\/a><\/div><\/div>\r\n                            <\/article> <article><div class=\"image\">\r\n                                                <img src=\"http:\/\/vencotek.com\/wp-content\/uploads\/blast-valves_03-e1589632088461.jpg\" alt=\"Home\">                                           \r\n                                            <\/div><div class=\"caption\"><h4>Patlamaya Dayan\u0131kl\u0131 Valfler<\/h4><div class=\"lnk\"><a href=\"http:\/\/vencotek.com\/tr\/patlamaya-dayanikli-klepe\/\">Read more<\/a><\/div><\/div>\r\n                            <\/article> <article><div class=\"image\">\r\n                                                <img src=\"http:\/\/vencotek.com\/wp-content\/uploads\/diffuser-e1589629798698.jpg\" alt=\"Home\">                                           \r\n                                            <\/div><div class=\"caption\"><h4>Dif\u00fcz\u00f6r Valfler ve Izgaralar<\/h4><div class=\"lnk\"><a href=\"http:\/\/vencotek.com\/tr\/difizor-valfler-ve-izgaralar\/\">Read more<\/a><\/div><\/div>\r\n                            <\/article> <article><div class=\"image\">\r\n                                                <img src=\"http:\/\/vencotek.com\/wp-content\/uploads\/dis-vent-e1589632464936.jpg\" alt=\"Home\">                                           \r\n                                            <\/div><div class=\"caption\"><h4>D\u0131splacement Vent\u0131lat\u0131on<\/h4><div class=\"lnk\"><a href=\"http:\/\/vencotek.com\/tr\/displacement-ventilation\/\">Read more<\/a><\/div><\/div>\r\n                            <\/article> <article><div class=\"image\">\r\n                                                <img src=\"http:\/\/vencotek.com\/wp-content\/uploads\/separatorlouvers-e1589632500693.jpg\" alt=\"Home\">                                           \r\n                                            <\/div><div class=\"caption\"><h4>Ay\u0131r\u0131c\u0131lar &amp; Panjurlar<\/h4><div class=\"lnk\"><a href=\"http:\/\/vencotek.com\/tr\/ayiricilar-panjurlar\/\">Read more<\/a><\/div><\/div>\r\n                            <\/article> <article><div class=\"image\">\r\n                                                <img src=\"http:\/\/vencotek.com\/wp-content\/uploads\/soguk-oda-buton-e1589629961877.jpg\" alt=\"Home\">                                           \r\n                                            <\/div><div class=\"caption\"><h4>So\u011fuk odalar<\/h4><div class=\"lnk\"><a href=\"https:\/\/vencotek.com\/tr_TR\/cooling-units\/\">Read more<\/a><\/div><\/div>\r\n                            <\/article><div class=\"clearboth\"><\/div><\/div><div class=\"clearboth\"><\/div><div class=\"line_1\"><\/div><\/div>\n<blockquote class=\"full\">Vencotek olarak sizlere 1985\u2019den beri faaliyet g\u00f6steren, \u00c7in\u2019deki en b\u00fcy\u00fck marine ekipmanlar\u0131 \u00fcreticisi ve da\u011f\u0131t\u0131c\u0131s\u0131 <a href=\"http:\/\/www.josun.cn\/en\/technology\/guoji.htm\" target=\"_blank\" rel=\"noopener noreferrer\">Jiangsu Josun Air Conditioner Ltd.<\/a> \u015firketinin T\u00fcrkiye distrib\u00fct\u00f6rl\u00fc\u011f\u00fcn\u00fc ald\u0131\u011f\u0131m\u0131z\u0131 belirtmekten mutluluk duyuyoruz. 6 k\u0131tada, 19 \u00fclkede yetkili servisi bulunan Josun ekipmanlar\u0131 ile sizlere daha kaliteli hizmet verece\u011fimizi temin eder, t\u00fcm marine ekipmanlar\u0131n\u0131 sizlere y\u00fcksek kalite ve d\u00fc\u015f\u00fck maliyet ile sa\u011flayabilmekten k\u0131van\u00e7 duyar\u0131z.<\/blockquote>\n<div class=\"block_process_1\"> <article class=\"step_1\"><div class=\"icon\" style=\"background:url(http:\/\/blackbird.com\/wp-content\/uploads\/2013\/07\/icon_process_1_1.png)\"><div class=\"shadow\"><\/div><\/div><div class=\"title\"><h3>Anla\u015fma<\/h3><h4>Teklifler \u00f6zenle haz\u0131rlan\u0131r.<\/h4> <\/div><\/article> <article class=\"step_1\"><div class=\"icon\" style=\"background:url(http:\/\/blackbird.com\/wp-content\/uploads\/2013\/07\/icon_process_1_2.png)\"><div class=\"shadow\"><\/div><\/div><div class=\"title\"><h3>Planlama<\/h3><h4>Tasar\u0131m ve gerekli planlamalar yap\u0131l\u0131r.<\/h4> <\/div><\/article> <article class=\"step_1\"><div class=\"icon\" style=\"background:url(http:\/\/blackbird.com\/wp-content\/uploads\/2013\/07\/icon_process_1_3.png)\"><div class=\"shadow\"><\/div><\/div><div class=\"title\"><h3>\u00dcretim<\/h3><h4>Y\u00fcksek standartlarda malzemeler kullan\u0131l\u0131r.<\/h4> <\/div><\/article> <article class=\"step_1 last_step\"><div class=\"icon\" style=\"background:url(http:\/\/blackbird.com\/wp-content\/uploads\/2013\/07\/icon_process_1_4.png)\"><div class=\"shadow\"><\/div><\/div><div class=\"title\"><h3>Teslimat<\/h3><h4>Zamanlama ve m\u00fc\u015fterimizin memnuniyeti bizim i\u00e7in \u00f6nemlidir.<\/h4> <\/div><\/article> <div class=\"clearboth\"><\/div><div class=\"line_1\"><\/div><\/div>\n<div>\n<h2>\u00a0<\/h2>\n<h2><span style=\"color: #9a1516;\"><a style=\"color: #9a1516;\" title=\"Projelerimiz\" href=\"http:\/\/vencotek.com\/suregelen-projeler\/\">Projelerimiz<\/a><\/span><\/h2>\n<p><img loading=\"lazy\" class=\"alignleft wp-image-2793 \" src=\"http:\/\/vencotek.com\/wp-content\/uploads\/istanbulshipyard-300x126.jpg\" alt=\"\" width=\"358\" height=\"150\" \/> <img loading=\"lazy\" class=\" wp-image-2792 alignleft\" src=\"http:\/\/vencotek.com\/wp-content\/uploads\/bogazicidenizcilik-300x199.jpg\" alt=\"\" width=\"226\" height=\"150\" \/><img loading=\"lazy\" class=\"alignleft wp-image-1456 \" src=\"http:\/\/vencotek.com\/wp-content\/uploads\/SAM_kucuk-300x170.jpg\" alt=\"SAM_kucuk\" width=\"264\" height=\"150\" \/><img loading=\"lazy\" class=\"alignleft wp-image-1451 \" src=\"http:\/\/vencotek.com\/wp-content\/uploads\/20150223_170430-300x169.jpg\" alt=\"vencotek\" width=\"266\" height=\"150\" \/><a title=\"Projelerimiz\" href=\"http:\/\/vencotek.com\/suregelen-projeler\/\"><img loading=\"lazy\" class=\"wp-image-1779 alignright\" src=\"http:\/\/vencotek.com\/wp-content\/uploads\/ok.png\" alt=\"ok\" width=\"65\" height=\"98\" \/><\/a><\/p>\n<\/div>\n<h2>\u00a0<\/h2>\n<h2>\u00a0<\/h2>\n<div>\n<h2><span style=\"color: #9a1516;\"><a style=\"color: #9a1516;\" title=\"\" href=\"https:\/\/vencotek.com\/tr_TR\/referanslarimiz\/\">Referanslar\u0131m\u0131z<\/a><\/span><\/h2>\n<p>[logocarousel id=&#8221;2586&#8243;]<\/p>\n<\/div>\n","protected":false},"excerpt":{"rendered":"<div>[smartslider3 slider=2]<\/div>\n<p>[slogan title=&#8217;<strong>VENCOTEK\u00a0 \u00a0iklimlendirme Sanayi ve Ticaret A.\u015e. sayfas\u0131na ho\u015fgeldiniz&#8230;<\/strong>&#8216; content=&#8217; Uzmanla\u015fm\u0131\u015f kadrosu ve kendi alan\u0131nda profesyonel ekiplerin i\u015fbirli\u011fiyle;m\u00fc\u015fterilerimizin talep e&#8230;<\/p>\n","protected":false},"author":1,"featured_media":0,"parent":0,"menu_order":0,"comment_status":"closed","ping_status":"closed","template":"template-page-fullwidth.php","meta":[],"_links":{"self":[{"href":"https:\/\/vencotek.com\/wp-json\/wp\/v2\/pages\/2161"}],"collection":[{"href":"https:\/\/vencotek.com\/wp-json\/wp\/v2\/pages"}],"about":[{"href":"https:\/\/vencotek.com\/wp-json\/wp\/v2\/types\/page"}],"author":[{"embeddable":true,"href":"https:\/\/vencotek.com\/wp-json\/wp\/v2\/users\/1"}],"replies":[{"embeddable":true,"href":"https:\/\/vencotek.com\/wp-json\/wp\/v2\/comments?post=2161"}],"version-history":[{"count":126,"href":"https:\/\/vencotek.com\/wp-json\/wp\/v2\/pages\/2161\/revisions"}],"predecessor-version":[{"id":2905,"href":"https:\/\/vencotek.com\/wp-json\/wp\/v2\/pages\/2161\/revisions\/2905"}],"wp:attachment":[{"href":"https:\/\/vencotek.com\/wp-json\/wp\/v2\/media?parent=2161"}],"curies":[{"name":"wp","href":"https:\/\/api.w.org\/{rel}","templated":true}]}}